{"id":253,"date":"2025-04-08T08:50:33","date_gmt":"2025-04-08T06:50:33","guid":{"rendered":"https:\/\/www.ecometalsa.ch\/?page_id=253"},"modified":"2025-04-08T08:55:12","modified_gmt":"2025-04-08T06:55:12","slug":"cookie-policy","status":"publish","type":"page","link":"https:\/\/www.ecometalsa.ch\/fr\/cookie-policy\/","title":{"rendered":"Cookie Policy"},"content":{"rendered":"<div class=\"fusion-fullwidth fullwidth-box fusion-builder-row-1 fusion-flex-container has-pattern-background has-mask-background nonhundred-percent-fullwidth non-hundred-percent-height-scrolling\" style=\"--awb-border-radius-top-left:0px;--awb-border-radius-top-right:0px;--awb-border-radius-bottom-right:0px;--awb-border-radius-bottom-left:0px;--awb-margin-top:60px;--awb-margin-bottom:60px;--awb-flex-wrap:wrap;\" ><div class=\"fusion-builder-row fusion-row fusion-flex-align-items-flex-start fusion-flex-content-wrap\" style=\"max-width:1996.8px;margin-left: calc(-4% \/ 2 );margin-right: calc(-4% \/ 2 );\"><div class=\"fusion-layout-column fusion_builder_column fusion-builder-column-0 fusion_builder_column_1_3 1_3 fusion-flex-column\" style=\"--awb-bg-size:cover;--awb-width-large:33.333333333333%;--awb-margin-top-large:0px;--awb-spacing-right-large:5.76%;--awb-margin-bottom-large:0px;--awb-spacing-left-large:5.76%;--awb-width-medium:33.333333333333%;--awb-order-medium:0;--awb-spacing-right-medium:5.76%;--awb-spacing-left-medium:5.76%;--awb-width-small:100%;--awb-order-small:0;--awb-spacing-right-small:1.92%;--awb-spacing-left-small:1.92%;\" data-scroll-devices=\"small-visibility,medium-visibility,large-visibility\"><div class=\"fusion-column-wrapper fusion-column-has-shadow fusion-flex-justify-content-flex-start fusion-content-layout-column\"><div class=\"fusion-title title fusion-title-1 fusion-sep-none fusion-title-text fusion-title-size-two\" style=\"--awb-text-color:var(--awb-color5);--awb-margin-top-small:10px;--awb-margin-right-small:0px;--awb-margin-bottom-small:10px;--awb-margin-left-small:0px;\"><h2 class=\"fusion-title-heading title-heading-left\" style=\"margin:0;\">Cookie Policy<\/h2><\/div><\/div><\/div><div class=\"fusion-layout-column fusion_builder_column fusion-builder-column-1 fusion_builder_column_2_3 2_3 fusion-flex-column\" style=\"--awb-bg-size:cover;--awb-width-large:66.666666666667%;--awb-margin-top-large:0px;--awb-spacing-right-large:2.88%;--awb-margin-bottom-large:0px;--awb-spacing-left-large:2.88%;--awb-width-medium:66.666666666667%;--awb-order-medium:0;--awb-spacing-right-medium:2.88%;--awb-spacing-left-medium:2.88%;--awb-width-small:100%;--awb-order-small:0;--awb-spacing-right-small:1.92%;--awb-spacing-left-small:1.92%;\" data-scroll-devices=\"small-visibility,medium-visibility,large-visibility\"><div class=\"fusion-column-wrapper fusion-column-has-shadow fusion-flex-justify-content-flex-start fusion-content-layout-column\"><div class=\"fusion-text fusion-text-1 fusion-text-no-margin\" style=\"--awb-text-color:var(--awb-color8);--awb-margin-bottom:20px;\"><p>Ce site web utilise des cookies. Nous les utilisons pour personnaliser le contenu et les publicit\u00e9s, pour fournir des fonctions de m\u00e9dias sociaux et pour analyser notre trafic. Nous partageons \u00e9galement des informations sur votre utilisation de notre site avec nos partenaires de m\u00e9dias sociaux, de publicit\u00e9 et d&rsquo;analyse, qui peuvent les combiner avec d&rsquo;autres informations que vous fournissez ou qui sont collect\u00e9es lors de votre utilisation de leurs services.<br \/>\nCette politique en mati\u00e8re de cookies est li\u00e9e \u00e0 la politique de confidentialit\u00e9 de notre site web, qui peut \u00eatre consult\u00e9e en saisissant : https:\/\/www.ecometalsa.ch.<\/p>\n<p><strong>1.QU&rsquo;EST-CE QU&rsquo;UN COOKIE ? LES COOKIES SUR CE SITE, CONSENT<\/strong><\/p>\n<p>Les cookies sont de petits fichiers texte que les sites visit\u00e9s par les utilisateurs envoient \u00e0 leurs terminaux, o\u00f9 ils sont stock\u00e9s afin d&rsquo;\u00eatre retransmis aux m\u00eames sites lors de la prochaine visite. Les cookies sont utilis\u00e9s \u00e0 diff\u00e9rentes fins, ont diff\u00e9rentes caract\u00e9ristiques et peuvent \u00eatre utilis\u00e9s par le propri\u00e9taire du site que vous visitez ou par des tiers. Pour plus d&rsquo;informations sur les cookies, veuillez consulter le site www.allaboutcookies.org<br \/>\nVous trouverez ci-dessous toutes les informations sur les cookies install\u00e9s sur ce site et les informations n\u00e9cessaires pour g\u00e9rer vos pr\u00e9f\u00e9rences \u00e0 cet \u00e9gard.<br \/>\nLa l\u00e9gislation en vigueur pr\u00e9voit que nous pouvons stocker des cookies sur votre appareil s&rsquo;ils sont strictement n\u00e9cessaires au fonctionnement de ce site web. Pour installer tous les autres types de cookies et traiter les donn\u00e9es personnelles collect\u00e9es par leur interm\u00e9diaire, nous avons besoin de votre consentement. Veuillez noter que votre consentement, s&rsquo;il est donn\u00e9, s&rsquo;applique au domaine suivant : https:\/\/www.ecometalsa.ch\/.<br \/>\nEn fermant la banni\u00e8re (en s\u00e9lectionnant la commande marqu\u00e9e d&rsquo;un X dans le coin sup\u00e9rieur droit de la banni\u00e8re), les param\u00e8tres par d\u00e9faut resteront en place et votre navigation se poursuivra donc en l&rsquo;absence de cookies ou d&rsquo;autres outils de suivi autres que techniques.<\/p>\n<p><strong>2. EXEMPLE DE TECHNOLOGIES SIMILAIRES<\/strong><\/p>\n<p>Le suivi de la navigation en ligne des utilisateurs peut \u00e9galement \u00eatre effectu\u00e9 \u00e0 l&rsquo;aide de technologies similaires aux cookies.<br \/>\nLe stockage local est une technologie utilis\u00e9e pour optimiser la navigation, qui ne collecte pas de donn\u00e9es sur les pr\u00e9f\u00e9rences exprim\u00e9es par l&rsquo;utilisateur (par exemple, il stocke un code qui identifie la session de l&rsquo;utilisateur apr\u00e8s la connexion, pour \u00e9viter \u00e0 l&rsquo;utilisateur d&rsquo;avoir \u00e0 saisir son nom d&rsquo;utilisateur et son mot de passe sur chaque page de profil lorsqu&rsquo;il acc\u00e8de \u00e0 des zones restreintes).<br \/>\nPixel de suivi \u00ab Code de suivi \u00bb ou \u00ab code de suivi \u00bb, est pr\u00e9cis\u00e9ment une petite portion de code qui est lib\u00e9r\u00e9e par certains syst\u00e8mes afin d&rsquo;\u00eatre impl\u00e9ment\u00e9e dans d&rsquo;autres pour suivre certaines donn\u00e9es relatives \u00e0 l&rsquo;utilisateur et \u00e0 sa session de navigation ou \u00e0 l&rsquo;ouverture de courriers \u00e9lectroniques, d&rsquo;une mani\u00e8re totalement transparente pour l&rsquo;utilisateur. Les donn\u00e9es suivies peuvent \u00eatre les plus diverses, telles que le jour et l&rsquo;heure, la localisation g\u00e9ographique, le type de dispositif adopt\u00e9 pour la navigation, jusqu&rsquo;\u00e0 inclure, dans les pixels de suivi les plus complexes, la valeur d\u00e9pens\u00e9e pour une commande et d&rsquo;autres informations utiles pour les services de marketing des entreprises qui les utilisent.<br \/>\nPlugin est un programme qui interagit avec un autre programme afin d&rsquo;\u00e9tendre ou de d\u00e9velopper ses fonctionnalit\u00e9s initiales. Les plugins les plus couramment utilis\u00e9s sont ceux des r\u00e9seaux sociaux, qui permettent par exemple \u00e0 l&rsquo;utilisateur de suivre une page ou un profil social en un clic, d&rsquo;indiquer en un clic qu&rsquo;il a aim\u00e9 un contenu web et de le partager sur son profil de r\u00e9seau social, etc.<br \/>\nWidget est un composant de l&rsquo;interface utilisateur graphique d&rsquo;un programme, dont le but est de faciliter l&rsquo;interaction de l&rsquo;utilisateur avec le programme. Les widgets les plus utilis\u00e9s sont ceux des r\u00e9seaux sociaux, qui permettent aux utilisateurs d&rsquo;ouvrir facilement les r\u00e9seaux sociaux dans une fen\u00eatre de navigateur s\u00e9par\u00e9e.<\/p>\n<p>Ces services permettent d&rsquo;interagir avec des r\u00e9seaux sociaux ou d&rsquo;autres plateformes externes, directement \u00e0 partir des pages d&rsquo;un site. Toutes les interactions et informations acquises par le site sont soumises aux param\u00e8tres de confidentialit\u00e9 du tiers qui a cr\u00e9\u00e9 les technologies susmentionn\u00e9es. Afin de recevoir des informations d\u00e9taill\u00e9es conform\u00e9ment \u00e0 l&rsquo;article 19 de la loi sur la protection des donn\u00e9es \u00e0 caract\u00e8re personnel, concernant l&rsquo;utilisation des donn\u00e9es \u00e0 caract\u00e8re personnel trait\u00e9es lorsque vous utilisez ces technologies, nous vous invitons \u00e0 visiter les sites web des op\u00e9rateurs tiers des technologies susmentionn\u00e9es.<\/p>\n<p><strong>3. IDENTIT\u00c9 ET COORDONN\u00c9ES DU RESPONSABLE DU TRAITEMENT DES DONN\u00c9ES<\/strong><\/p>\n<p>L&rsquo;entit\u00e9 qui d\u00e9termine les finalit\u00e9s et les moyens de ce traitement de donn\u00e9es personnelles est:<br \/>\nEcometal SA, soci\u00e9t\u00e9 de droit suisse ayant son si\u00e8ge \u00e0 Via alla Rossa 3, CH-Rancate, repr\u00e9sent\u00e9e par les personnes habilit\u00e9es \u00e0 signer conform\u00e9ment aux inscriptions au Registre du commerce (ci-apr\u00e8s \u00e9galement d\u00e9nomm\u00e9e \u00ab Ecometal \u00bb ou \u00ab Responsable du traitement \u00bb ou \u00ab Soci\u00e9t\u00e9 \u00bb ou \u00ab nous \u00bb).<br \/>\nLes coordonn\u00e9es du responsable du traitement sont les suivantes : privacylpd@ecometalsa.ch<\/p>\n<p><strong>4. GESTION DES COOKIES<\/strong><\/p>\n<p>Si vous ne connaissez pas le type et la version du navigateur que vous utilisez, cliquez sur \u00ab Aide \u00bb dans la fen\u00eatre du browser en haut, d&rsquo;o\u00f9 vous pourrez acc\u00e9der \u00e0 toutes les informations n\u00e9cessaires. Si, en revanche, vous connaissez votre browser, rendez-vous sur la page d\u00e9di\u00e9e \u00e0 la gestion des cookies. L&rsquo;utilisateur peut, par exemple, trouver des informations sur la gestion des cookies dans certains des navigateurs les plus populaires aux adresses suivantes:<\/p>\n<ul>\n<li>Google Chrome https:\/\/support.google.com\/chrome\/answer\/95647?hl=fr<\/li>\n<li>Microsoft Edge http:\/\/windows.microsoft.com\/fr-fr\/windows-vista\/block-or-allow-cookies<\/li>\n<li>Safari https:\/\/support.apple.com\/fr-fr\/guide\/safari\/sfri11471\/mac<\/li>\n<li>Safari sur iPhone, iPad, ou iPod touch https:\/\/support.apple.com\/fr-fr\/HT201265<\/li>\n<\/ul>\n<p><strong>5. INFORMATION COMPL\u00c9MENTAIRES, MODIFICATIONS, MISES \u00c2 JOUR<\/strong><\/p>\n<p>Le responsable des donn\u00e9es se r\u00e9serve le droit de r\u00e9viser, de mettre \u00e0 jour, d&rsquo;ajouter ou de supprimer toute partie du pr\u00e9sent avis \u00e0 sa propre discr\u00e9tion et \u00e0 tout moment. En cas de modification, la date de mise \u00e0 jour sera indiqu\u00e9e.<\/p>\n<p><strong>POLITIQUE ABR\u00c9G\u00c9E EN MATI\u00c8RE DE COOKIES<\/strong><\/p>\n<p>Ce site utilise des cookies techniques et de profilage de tiers pour vous envoyer des publicit\u00e9s et des services cibl\u00e9s en fonction de vos pr\u00e9f\u00e9rences, pour personnaliser le contenu et les publicit\u00e9s, pour fournir des fonctions de m\u00e9dias sociaux et pour analyser notre trafic. Nous partageons \u00e9galement des informations sur la fa\u00e7on dont vous utilisez notre site avec nos partenaires d&rsquo;analyse web, de publicit\u00e9 et de m\u00e9dias sociaux, qui peuvent les combiner avec d&rsquo;autres informations que vous leur avez fournies ou qu&rsquo;ils ont collect\u00e9es \u00e0 partir de votre utilisation de leurs services. Le simple fait de fermer la banni\u00e8re n&rsquo;implique pas l&rsquo;acceptation des cookies et autres technologies. Voir notre politique en mati\u00e8re de cookies. Le consentement peut \u00eatre exprim\u00e9 en cliquant sur \u00ab J&rsquo;accepte tous les cookies \u00bb ou en s\u00e9lectionnant les diff\u00e9rentes cat\u00e9gories de cookies.<\/p>\n<p><strong>18.03.2024<\/strong><\/p>\n<\/div><\/div><\/div><\/div><\/div>\n","protected":false},"excerpt":{"rendered":"","protected":false},"author":1,"featured_media":0,"parent":0,"menu_order":100,"comment_status":"closed","ping_status":"closed","template":"100-width.php","meta":{"footnotes":""},"class_list":["post-253","page","type-page","status-publish","hentry"],"yoast_head":"<!-- This site is optimized with the Yoast SEO plugin v27.5 - https:\/\/yoast.com\/product\/yoast-seo-wordpress\/ -->\n<title>Cookie Policy - Ecometal<\/title>\n<meta name=\"robots\" content=\"index, follow, max-snippet:-1, max-image-preview:large, max-video-preview:-1\" \/>\n<link rel=\"canonical\" href=\"https:\/\/www.ecometalsa.ch\/fr\/cookie-policy\/\" \/>\n<meta property=\"og:locale\" content=\"fr_FR\" \/>\n<meta property=\"og:type\" content=\"article\" \/>\n<meta property=\"og:title\" content=\"Cookie Policy - Ecometal\" \/>\n<meta property=\"og:url\" content=\"https:\/\/www.ecometalsa.ch\/fr\/cookie-policy\/\" \/>\n<meta property=\"og:site_name\" content=\"Ecometal\" \/>\n<meta property=\"article:modified_time\" content=\"2025-04-08T06:55:12+00:00\" \/>\n<meta name=\"twitter:card\" content=\"summary_large_image\" \/>\n<meta name=\"twitter:label1\" content=\"Dur\u00e9e de lecture estim\u00e9e\" \/>\n\t<meta name=\"twitter:data1\" content=\"15 minutes\" \/>\n<script type=\"application\/ld+json\" class=\"yoast-schema-graph\">{\"@context\":\"https:\\\/\\\/schema.org\",\"@graph\":[{\"@type\":\"WebPage\",\"@id\":\"https:\\\/\\\/www.ecometalsa.ch\\\/fr\\\/cookie-policy\\\/\",\"url\":\"https:\\\/\\\/www.ecometalsa.ch\\\/fr\\\/cookie-policy\\\/\",\"name\":\"Cookie Policy - Ecometal\",\"isPartOf\":{\"@id\":\"https:\\\/\\\/www.ecometalsa.ch\\\/fr\\\/#website\"},\"datePublished\":\"2025-04-08T06:50:33+00:00\",\"dateModified\":\"2025-04-08T06:55:12+00:00\",\"breadcrumb\":{\"@id\":\"https:\\\/\\\/www.ecometalsa.ch\\\/fr\\\/cookie-policy\\\/#breadcrumb\"},\"inLanguage\":\"fr-FR\",\"potentialAction\":[{\"@type\":\"ReadAction\",\"target\":[\"https:\\\/\\\/www.ecometalsa.ch\\\/fr\\\/cookie-policy\\\/\"]}]},{\"@type\":\"BreadcrumbList\",\"@id\":\"https:\\\/\\\/www.ecometalsa.ch\\\/fr\\\/cookie-policy\\\/#breadcrumb\",\"itemListElement\":[{\"@type\":\"ListItem\",\"position\":1,\"name\":\"Home\",\"item\":\"https:\\\/\\\/www.ecometalsa.ch\\\/fr\\\/ecometal\\\/\"},{\"@type\":\"ListItem\",\"position\":2,\"name\":\"Cookie Policy\"}]},{\"@type\":\"WebSite\",\"@id\":\"https:\\\/\\\/www.ecometalsa.ch\\\/fr\\\/#website\",\"url\":\"https:\\\/\\\/www.ecometalsa.ch\\\/fr\\\/\",\"name\":\"Ecometal SA\",\"description\":\"Un approccio innovativo alla tecnologia dei materiali\",\"publisher\":{\"@id\":\"https:\\\/\\\/www.ecometalsa.ch\\\/fr\\\/#organization\"},\"potentialAction\":[{\"@type\":\"SearchAction\",\"target\":{\"@type\":\"EntryPoint\",\"urlTemplate\":\"https:\\\/\\\/www.ecometalsa.ch\\\/fr\\\/?s={search_term_string}\"},\"query-input\":{\"@type\":\"PropertyValueSpecification\",\"valueRequired\":true,\"valueName\":\"search_term_string\"}}],\"inLanguage\":\"fr-FR\"},{\"@type\":\"Organization\",\"@id\":\"https:\\\/\\\/www.ecometalsa.ch\\\/fr\\\/#organization\",\"name\":\"Ecometal SA\",\"url\":\"https:\\\/\\\/www.ecometalsa.ch\\\/fr\\\/\",\"logo\":{\"@type\":\"ImageObject\",\"inLanguage\":\"fr-FR\",\"@id\":\"https:\\\/\\\/www.ecometalsa.ch\\\/fr\\\/#\\\/schema\\\/logo\\\/image\\\/\",\"url\":\"https:\\\/\\\/www.ecometalsa.ch\\\/wp-content\\\/uploads\\\/2025\\\/02\\\/logo@3x.png\",\"contentUrl\":\"https:\\\/\\\/www.ecometalsa.ch\\\/wp-content\\\/uploads\\\/2025\\\/02\\\/logo@3x.png\",\"width\":3604,\"height\":682,\"caption\":\"Ecometal SA\"},\"image\":{\"@id\":\"https:\\\/\\\/www.ecometalsa.ch\\\/fr\\\/#\\\/schema\\\/logo\\\/image\\\/\"}}]}<\/script>\n<!-- \/ Yoast SEO plugin. -->","yoast_head_json":{"title":"Cookie Policy - Ecometal","robots":{"index":"index","follow":"follow","max-snippet":"max-snippet:-1","max-image-preview":"max-image-preview:large","max-video-preview":"max-video-preview:-1"},"canonical":"https:\/\/www.ecometalsa.ch\/fr\/cookie-policy\/","og_locale":"fr_FR","og_type":"article","og_title":"Cookie Policy - Ecometal","og_url":"https:\/\/www.ecometalsa.ch\/fr\/cookie-policy\/","og_site_name":"Ecometal","article_modified_time":"2025-04-08T06:55:12+00:00","twitter_card":"summary_large_image","twitter_misc":{"Dur\u00e9e de lecture estim\u00e9e":"15 minutes"},"schema":{"@context":"https:\/\/schema.org","@graph":[{"@type":"WebPage","@id":"https:\/\/www.ecometalsa.ch\/fr\/cookie-policy\/","url":"https:\/\/www.ecometalsa.ch\/fr\/cookie-policy\/","name":"Cookie Policy - Ecometal","isPartOf":{"@id":"https:\/\/www.ecometalsa.ch\/fr\/#website"},"datePublished":"2025-04-08T06:50:33+00:00","dateModified":"2025-04-08T06:55:12+00:00","breadcrumb":{"@id":"https:\/\/www.ecometalsa.ch\/fr\/cookie-policy\/#breadcrumb"},"inLanguage":"fr-FR","potentialAction":[{"@type":"ReadAction","target":["https:\/\/www.ecometalsa.ch\/fr\/cookie-policy\/"]}]},{"@type":"BreadcrumbList","@id":"https:\/\/www.ecometalsa.ch\/fr\/cookie-policy\/#breadcrumb","itemListElement":[{"@type":"ListItem","position":1,"name":"Home","item":"https:\/\/www.ecometalsa.ch\/fr\/ecometal\/"},{"@type":"ListItem","position":2,"name":"Cookie Policy"}]},{"@type":"WebSite","@id":"https:\/\/www.ecometalsa.ch\/fr\/#website","url":"https:\/\/www.ecometalsa.ch\/fr\/","name":"Ecometal SA","description":"Un approccio innovativo alla tecnologia dei materiali","publisher":{"@id":"https:\/\/www.ecometalsa.ch\/fr\/#organization"},"potentialAction":[{"@type":"SearchAction","target":{"@type":"EntryPoint","urlTemplate":"https:\/\/www.ecometalsa.ch\/fr\/?s={search_term_string}"},"query-input":{"@type":"PropertyValueSpecification","valueRequired":true,"valueName":"search_term_string"}}],"inLanguage":"fr-FR"},{"@type":"Organization","@id":"https:\/\/www.ecometalsa.ch\/fr\/#organization","name":"Ecometal SA","url":"https:\/\/www.ecometalsa.ch\/fr\/","logo":{"@type":"ImageObject","inLanguage":"fr-FR","@id":"https:\/\/www.ecometalsa.ch\/fr\/#\/schema\/logo\/image\/","url":"https:\/\/www.ecometalsa.ch\/wp-content\/uploads\/2025\/02\/logo@3x.png","contentUrl":"https:\/\/www.ecometalsa.ch\/wp-content\/uploads\/2025\/02\/logo@3x.png","width":3604,"height":682,"caption":"Ecometal SA"},"image":{"@id":"https:\/\/www.ecometalsa.ch\/fr\/#\/schema\/logo\/image\/"}}]}},"_links":{"self":[{"href":"https:\/\/www.ecometalsa.ch\/fr\/wp-json\/wp\/v2\/pages\/253","targetHints":{"allow":["GET"]}}],"collection":[{"href":"https:\/\/www.ecometalsa.ch\/fr\/wp-json\/wp\/v2\/pages"}],"about":[{"href":"https:\/\/www.ecometalsa.ch\/fr\/wp-json\/wp\/v2\/types\/page"}],"author":[{"embeddable":true,"href":"https:\/\/www.ecometalsa.ch\/fr\/wp-json\/wp\/v2\/users\/1"}],"replies":[{"embeddable":true,"href":"https:\/\/www.ecometalsa.ch\/fr\/wp-json\/wp\/v2\/comments?post=253"}],"version-history":[{"count":0,"href":"https:\/\/www.ecometalsa.ch\/fr\/wp-json\/wp\/v2\/pages\/253\/revisions"}],"wp:attachment":[{"href":"https:\/\/www.ecometalsa.ch\/fr\/wp-json\/wp\/v2\/media?parent=253"}],"curies":[{"name":"wp","href":"https:\/\/api.w.org\/{rel}","templated":true}]}}