{"id":194,"date":"2025-02-26T09:14:14","date_gmt":"2025-02-26T08:14:14","guid":{"rendered":"https:\/\/www.ecometalsa.ch\/politique-de-confidentialite\/"},"modified":"2025-04-08T08:47:17","modified_gmt":"2025-04-08T06:47:17","slug":"politique-de-confidentialite","status":"publish","type":"page","link":"https:\/\/www.ecometalsa.ch\/fr\/politique-de-confidentialite\/","title":{"rendered":"Politique de confidentialit\u00e9"},"content":{"rendered":"<div class=\"fusion-fullwidth fullwidth-box fusion-builder-row-1 fusion-flex-container has-pattern-background has-mask-background nonhundred-percent-fullwidth non-hundred-percent-height-scrolling\" style=\"--awb-border-radius-top-left:0px;--awb-border-radius-top-right:0px;--awb-border-radius-bottom-right:0px;--awb-border-radius-bottom-left:0px;--awb-margin-top:60px;--awb-margin-bottom:60px;--awb-flex-wrap:wrap;\" ><div class=\"fusion-builder-row fusion-row fusion-flex-align-items-flex-start fusion-flex-content-wrap\" style=\"max-width:1996.8px;margin-left: calc(-4% \/ 2 );margin-right: calc(-4% \/ 2 );\"><div class=\"fusion-layout-column fusion_builder_column fusion-builder-column-0 fusion_builder_column_1_3 1_3 fusion-flex-column\" style=\"--awb-bg-size:cover;--awb-width-large:33.333333333333%;--awb-margin-top-large:0px;--awb-spacing-right-large:5.76%;--awb-margin-bottom-large:0px;--awb-spacing-left-large:5.76%;--awb-width-medium:33.333333333333%;--awb-order-medium:0;--awb-spacing-right-medium:5.76%;--awb-spacing-left-medium:5.76%;--awb-width-small:100%;--awb-order-small:0;--awb-spacing-right-small:1.92%;--awb-spacing-left-small:1.92%;\" data-scroll-devices=\"small-visibility,medium-visibility,large-visibility\"><div class=\"fusion-column-wrapper fusion-column-has-shadow fusion-flex-justify-content-flex-start fusion-content-layout-column\"><div class=\"fusion-title title fusion-title-1 fusion-sep-none fusion-title-text fusion-title-size-two\" style=\"--awb-text-color:var(--awb-color5);--awb-margin-top-small:10px;--awb-margin-right-small:0px;--awb-margin-bottom-small:10px;--awb-margin-left-small:0px;\"><h2 class=\"fusion-title-heading title-heading-left\" style=\"margin:0;\">Politique de confidentialit\u00e9<\/h2><\/div><\/div><\/div><div class=\"fusion-layout-column fusion_builder_column fusion-builder-column-1 fusion_builder_column_2_3 2_3 fusion-flex-column\" style=\"--awb-bg-size:cover;--awb-width-large:66.666666666667%;--awb-margin-top-large:0px;--awb-spacing-right-large:2.88%;--awb-margin-bottom-large:0px;--awb-spacing-left-large:2.88%;--awb-width-medium:66.666666666667%;--awb-order-medium:0;--awb-spacing-right-medium:2.88%;--awb-spacing-left-medium:2.88%;--awb-width-small:100%;--awb-order-small:0;--awb-spacing-right-small:1.92%;--awb-spacing-left-small:1.92%;\" data-scroll-devices=\"small-visibility,medium-visibility,large-visibility\"><div class=\"fusion-column-wrapper fusion-column-has-shadow fusion-flex-justify-content-flex-start fusion-content-layout-column\"><div class=\"fusion-text fusion-text-1 fusion-text-no-margin\" style=\"--awb-text-color:var(--awb-color8);--awb-margin-bottom:20px;\"><p>ECOMETAL SA, Via alla Rossa 3, CH-Rancate (ci-apr\u00e8s \u00ab Ecometal \u00bb, \u00ab Soci\u00e9t\u00e9 \u00bb, \u00ab Responsable du traitement \u00bb), s&rsquo;engage \u00e0 traiter toutes les donn\u00e9es personnelles collect\u00e9es via son site web en conformit\u00e9, en particulier avec la Loi f\u00e9d\u00e9rale sur la protection des donn\u00e9es (LPD) et l&rsquo;Ordonnance relative \u00e0 la Loi f\u00e9d\u00e9rale sur la protection des donn\u00e9es (OLPD), et \u00e0 adopter des mesures de s\u00e9curit\u00e9 appropri\u00e9es afin de prot\u00e9ger ces donn\u00e9es contre tout acc\u00e8s non autoris\u00e9.<br \/>\nDans la pr\u00e9sente politique de protection des donn\u00e9es, Ecometal informe sp\u00e9cifiquement les utilisateurs du type de donn\u00e9es personnelles collect\u00e9es et trait\u00e9es dans le cadre de l&rsquo;utilisation du site web, des fins auxquelles elles sont utilis\u00e9es, des personnes auxquelles elles peuvent \u00eatre divulgu\u00e9es et des droits dont disposent les utilisateurs en ce qui concerne l&rsquo;utilisation de leurs donn\u00e9es personnelles par ECOMETAL SA.<br \/>\nEn acc\u00e9dant au portail en ligne (ci-apr\u00e8s d\u00e9nomm\u00e9 \u00ab portail \u00bb ou \u00ab site web \u00bb) et\/ou en utilisant les services propos\u00e9s, l&rsquo;utilisateur reconna\u00eet avoir lu attentivement la pr\u00e9sente d\u00e9claration de protection des donn\u00e9es. Les questions relatives \u00e0 la pr\u00e9sente d\u00e9claration de protection des donn\u00e9es peuvent \u00eatre adress\u00e9es \u00e0 tout moment par courrier \u00e9lectronique \u00e0 privacylpd@ecometalsa.ch.<\/p>\n<p><strong>1. TRAITEMENT DES DONN\u00c9ES PERSONNELLES<\/strong><\/p>\n<p>Toute op\u00e9ration relative aux donn\u00e9es \u00e0 caract\u00e8re personnel, quels que soient les moyens et proc\u00e9dures adopt\u00e9s, \u00e0 savoir la collecte, le stockage, l&rsquo;utilisation, la r\u00e9vision, la communication, l&rsquo;archivage ou la destruction des donn\u00e9es.<\/p>\n<p><strong>2. COLLECTE DES DONN\u00c9ES PERSONNELLES<\/strong><\/p>\n<p>a) Donn\u00e9es personnelles transmises automatiquement lors de l&rsquo;utilisation du site web<br \/>\nAfin de permettre de b\u00e9n\u00e9ficier des contenus et services demand\u00e9s, l&rsquo;entreprise collecte des donn\u00e9es personnelles qui permettent d&rsquo;identifier l&rsquo;utilisateur. Parmi ces donn\u00e9es collect\u00e9s lors de la navigation (pour plus d&rsquo;informations sur les donn\u00e9es collect\u00e9es avec les cookies, lire la \u00ab Politique en mati\u00e8re de cookies \u00bb) figurent les adresses IP ou les noms de domaine des ordinateurs et des terminaux utilis\u00e9s par les utilisateurs, les adresses URI (Uniform Resource Identifier) et URL (Uniform Resource Locator) des ressources demand\u00e9es, la date et l&rsquo;heure d&rsquo;acc\u00e8s, la zone g\u00e9ographique de connexion, la m\u00e9thode utilis\u00e9e pour soumettre la demande au serveur, ainsi que d&rsquo;autres param\u00e8tres relatifs au syst\u00e8me d&rsquo;exploitation et \u00e0 l&rsquo;environnement de l&rsquo;ordinateur de l&rsquo;utilisateur.<br \/>\nCes donn\u00e9es personnelles pourraient \u00e9galement \u00eatre utilis\u00e9es pour d\u00e9terminer les responsabilit\u00e9s \u00e9ventuelles en cas d\u2019infractions informatiques pr\u00e9sum\u00e9es contre le site web, les applications mobiles et d&rsquo;autres outils, ou contre des tiers.<br \/>\nb) Donn\u00e9es personnelles transmises par l&rsquo;utilisateur<br \/>\nLa soci\u00e9t\u00e9 collecte et traite \u00e9galement les donn\u00e9es personnelles fournies volontairement par l&rsquo;utilisateur \u00e0 travers le formulaire de contact (nom, pr\u00e9nom, adresse e-mail). Sans ces informations, la soci\u00e9t\u00e9 ne peut pas fournir les services demand\u00e9s.<br \/>\nc) Donn\u00e9es personnelles transmises \u00e0 des tiers<br \/>\nLes donn\u00e9es personnelles fournies peuvent \u00eatre communiqu\u00e9es \u00e0 des tiers soumis \u00e0 une obligation de confidentialit\u00e9 et qui traiteront ces donn\u00e9es en qualit\u00e9 de responsables externes ou de personnes physiques agissant sous l&rsquo;autorit\u00e9 du titulaire et du responsable du traitement, aux fins pr\u00e9cit\u00e9es.<br \/>\nCes tiers traiteront les donn\u00e9es fournies en tant que responsables du traitement des donn\u00e9es (article 9 du LPD) ou en tant que responsables ind\u00e9pendants du traitement des donn\u00e9es. En particulier, l&rsquo;entreprise peut partager les donn\u00e9es personnelles collect\u00e9es avec les cat\u00e9gories de destinataires suivantes :<br \/>\n&#8211; les consultants et fournisseurs de l&rsquo;entreprise (par exemple, les personnes fournissant des services pour la maintenance du site web, du syst\u00e8me informatique et des r\u00e9seaux de communication, y compris hosting provider et webmaster)<br \/>\n&#8211; les fournisseurs fournissant un soutien et une assistance dans le domaine des technologies de l&rsquo;information (par exemple, le webmaster)<\/p>\n<p>&#8211; les personnes autoris\u00e9es \u00e0 traiter les donn\u00e9es qui exercent leurs activit\u00e9s dans le bureau du responsable du traitement (collaborateurs)<\/p>\n<p>&#8211; les autorit\u00e9s comp\u00e9tentes pour le respect des obligations l\u00e9gales et\/ou des dispositions des organismes publics, sur demande<\/p>\n<p><strong>3. FINALIT\u00c9 DU TRAITEMENT DES DONN\u00c9ES<\/strong><\/p>\n<p>La soci\u00e9t\u00e9 utilise les donn\u00e9es personnelles collect\u00e9es automatiquement pour remplir les objectifs suivants:<br \/>\na) les donn\u00e9es personnelles transmises automatiquement lors de l&rsquo;utilisation du site web<br \/>\n&#8211; Permettre l&rsquo;affichage, l\u2019exploitation et la fonctionnalit\u00e9 du portail<br \/>\n&#8211; Garantir la stabilit\u00e9 et la s\u00e9curit\u00e9 du syst\u00e8me<br \/>\n&#8211; Am\u00e9liorer et prot\u00e9ger les services<br \/>\n&#8211; Fins statistiques en cas d\u2019attaques sur l\u2019infrastructure du r\u00e9seau sur lequel le site web h\u00e9berg\u00e9<br \/>\nb) les donn\u00e9es personnelles transmises par l&rsquo;utilisateur<\/p>\n<p>&#8211; fournir, maintenir, prot\u00e9ger et optimiser les services et les informations propos\u00e9s<br \/>\n&#8211; communiquer avec l\u2019utilisateur et lui fournir les meilleures informations possibles et personnalis\u00e9es (par exemple sur les services)<br \/>\n&#8211; proposer de nouveaux services et des nouvelles informations<br \/>\n&#8211; se conformer aux exigences l\u00e9gales ou autres exigences r\u00e9glementaires et aux r\u00e8glements internes<br \/>\n&#8211; \u00e9tablir, exercer et\/ou d\u00e9fendre des r\u00e9clamations l\u00e9gales, des enqu\u00eates ou des proc\u00e9dures similaires, r\u00e9elles ou potentielles<br \/>\n&#8211; d&rsquo;autres finalit\u00e9s l\u00e9gitimes, si ce traitement d\u00e9coule des circonstances ou a \u00e9t\u00e9 indiqu\u00e9 au moment de la collecte.<\/p>\n<p><strong>4. TRANSFERT DES DONN\u00c9ES PERSONNELLES \u00c0 L&rsquo;\u00c9TRANGER<\/strong><\/p>\n<p>L&rsquo;entreprise fait appel \u00e0 des prestataires de services \u00e9tablis en Suisse ou dans l&rsquo;UE qui traitent les donn\u00e9es personnelles \u00e0 la fois en Suisse et dans l&rsquo;UE. La communication de donn\u00e9es personnelles \u00e0 des \u00c9tats qui n&rsquo;assurent pas une protection ad\u00e9quate des donn\u00e9es en vertu du droit suisse ou europ\u00e9en est exclue, sauf avec le consentement expr\u00e8s de l&rsquo;utilisateur ou en vertu d&rsquo;une obligation l\u00e9gale.<\/p>\n<p><strong>5. DUR\u00c9E DE CONSERVATION DES DONN\u00c9ES PERSONNELLES<\/strong><\/p>\n<p>En principe, les donn\u00e9es \u00e0 caract\u00e8re personnel sont supprim\u00e9es d\u00e8s qu&rsquo;elles ne sont plus n\u00e9cessaires pour atteindre l&rsquo;objectif pour lequel elles ont \u00e9t\u00e9 collect\u00e9es, \u00e0 moins qu&rsquo;une p\u00e9riode de conservation plus longue ne soit n\u00e9cessaire pour remplir des obligations l\u00e9gales (par exemple, des exigences de conservation et de documentation), des obligations contractuelles ou pr\u00e9contractuelles, ou des int\u00e9r\u00eats commerciaux justifi\u00e9s de notre part (par exemple, pour faire valoir, exercer ou d\u00e9fendre des droits l\u00e9gaux).<br \/>\nSur cette base, nous traitons g\u00e9n\u00e9ralement les donn\u00e9es \u00e0 caract\u00e8re personnel conform\u00e9ment aux r\u00e8gles et obligations suivantes :<br \/>\na) Les donn\u00e9es personnelles transmises automatiquement par l&rsquo;utilisateur dans le cadre de l&rsquo;utilisation de notre portail aux fins de la visualisation, de l&rsquo;exploitation et de la garantie de la fonctionnalit\u00e9 du portail sont supprim\u00e9es \u00e0 la fin de la session de navigation (voir point 2.a).<br \/>\nb) Les donn\u00e9es personnelles fournies dans le cadre des demandes re\u00e7ues via la zone \u00ab Contact \u00bb seront g\u00e9n\u00e9ralement conserv\u00e9es par nous pendant la dur\u00e9e n\u00e9cessaire \u00e0 la r\u00e9alisation de l&rsquo;objectif, mais au maximum pendant 6 mois (voir point 1.b). Si une relation commerciale est \u00e9tablie, les donn\u00e9es seront conserv\u00e9es pendant 10 ans au maximum. Les donn\u00e9es personnelles sont supprim\u00e9es d\u00e8s qu&rsquo;elles ne sont plus n\u00e9cessaires, sauf obligations l\u00e9gales, contractuelles ou commerciales justifiant leur conservation.<\/p>\n<p><strong>6. M\u00c9THODES DE TRAITEMENT DES DONN\u00c9ES<\/strong><\/p>\n<p>Les donn\u00e9es seront trait\u00e9es \u00e0 l&rsquo;aide de m\u00e9thodes et d&rsquo;outils con\u00e7us pour garantir une s\u00e9curit\u00e9 et une confidentialit\u00e9 maximales, par des personnes sp\u00e9cialement form\u00e9es \u00e0 cet effet.<\/p>\n<p><strong>7. DROITS DE LA PERSONNE CONCERN\u00c9E EN MATII\u00c8RE DE TRAITEMENT DES DONN\u00c9ES<\/strong><\/p>\n<p>Conform\u00e9ment \u00e0 la LPD, la personne concern\u00e9e peut exercer les droits suivants :<br \/>\n&#8211; Rectification des donn\u00e9es inexactes ou obsol\u00e8tes<br \/>\n&#8211; \u00catre inform\u00e9 par \u00e9crit et gratuitement du traitement des donn\u00e9es \u00e0 caract\u00e8re personnel<br \/>\n&#8211; Emp\u00eacher la divulgation \u00e0 des tiers de toute donn\u00e9e personnelle sensible<br \/>\n&#8211; Obtenir la portabilit\u00e9 des donn\u00e9es \u00e0 caract\u00e8re personnel ou demander qu&rsquo;elles soient transf\u00e9r\u00e9es \u00e0 des tiers<br \/>\n&#8211; Demander la limitation ou le blocage du traitement des donn\u00e9es, la pr\u00e9vention de la divulgation des donn\u00e9es \u00e0 des tiers ou la rectification ou la destruction des donn\u00e9es \u00e0 caract\u00e8re personnel<br \/>\n&#8211; Demander l&rsquo;interdiction d&rsquo;un traitement sp\u00e9cifique de donn\u00e9es \u00e0 caract\u00e8re personnel et la communication sp\u00e9cifique de donn\u00e9es \u00e0 caract\u00e8re personnel \u00e0 des tiers ou l&rsquo;effacement ou la destruction de donn\u00e9es sp\u00e9cifiques \u00e0 caract\u00e8re personnel<br \/>\n&#8211; Retirer tout consentement donn\u00e9<br \/>\n&#8211; Si l&rsquo;exactitude ou l&rsquo;inexactitude des donn\u00e9es \u00e0 caract\u00e8re personnel ne peut \u00eatre prouv\u00e9e, demander l&rsquo;ajout d&rsquo;une note pour indiquer l&rsquo;objection<br \/>\n&#8211; Demander que la rectification, la destruction, le verrouillage, notamment la communication \u00e0 des tiers, ainsi que l&rsquo;avis de contestation ou de jugement soient communiqu\u00e9s \u00e0 des tiers ou publi\u00e9s<br \/>\n&#8211; Faire d\u00e9clarer ill\u00e9gal le traitement de donn\u00e9es \u00e0 caract\u00e8re personnel<br \/>\nSans pr\u00e9judice de tout autre recours administratif ou juridictionnel, si l&rsquo;on estime qu&rsquo;un traitement de donn\u00e9es concernant la personne physique concern\u00e9e viole les dispositions de la LPD, cette personne a le droit de d\u00e9poser une plainte aupr\u00e8s de l&rsquo;autorit\u00e9 de contr\u00f4le comp\u00e9tente en mati\u00e8re de protection des donn\u00e9es \u00e0 caract\u00e8re personnel (IFPDT &#8211; Pr\u00e9pos\u00e9 f\u00e9d\u00e9ral \u00e0 la protection des donn\u00e9es et \u00e0 la transparence).<\/p>\n<p><strong>8. DROITS DE L&rsquo;UTILISATEUR<\/strong><\/p>\n<p>La personne concern\u00e9e peut exercer ses droits en contactant le responsable du traitement par \u00e9crit \u00e0 l&rsquo;adresse \u00e9lectronique privacylpd@ecometalsa.ch, sans pr\u00e9judice de l&rsquo;article 26 du de la LPD sur la \u00ab restriction du droit d&rsquo;acc\u00e8s \u00bb.<\/p>\n<p><strong>9. S\u00c9CURIT\u00c9<\/strong><\/p>\n<p>L&rsquo;entreprise met en \u0153uvre et actualise r\u00e9guli\u00e8rement des mesures organisationnelles et techniques pour maintenir la s\u00e9curit\u00e9 des donn\u00e9es \u00e0 caract\u00e8re personnel et les prot\u00e9ger contre le traitement non autoris\u00e9 ou ill\u00e9gal, la perte accidentelle, l&rsquo;alt\u00e9ration, la divulgation ou l&rsquo;acc\u00e8s non autoris\u00e9.<br \/>\nL&rsquo;entreprise peut faire appel \u00e0 des tiers en tant que responsables du traitement des donn\u00e9es pour collecter et traiter vos donn\u00e9es \u00e0 caract\u00e8re personnel. Les sous-traitants que nous avons d\u00e9sign\u00e9s ne traiteront vos donn\u00e9es personnelles que conform\u00e9ment \u00e0 nos instructions et sont tenus par la loi de prendre des mesures de s\u00e9curit\u00e9 strictes lorsqu&rsquo;ils traitent des donn\u00e9es personnelles.<br \/>\nLa transmission d&rsquo;informations sur Internet n&rsquo;est pas totalement s\u00fbre et comporte des risques. Malgr\u00e9 nos efforts pour prot\u00e9ger vos donn\u00e9es personnelles, nous ne pouvons pas garantir la s\u00e9curit\u00e9 de vos donn\u00e9es transmises \u00e0 notre site web; toute transmission se fait sans notre responsabilit\u00e9. C&rsquo;est pourquoi vous pouvez nous envoyer vos donn\u00e9es personnelles par d&rsquo;autres moyens. Une fois que nous avons re\u00e7u vos donn\u00e9es, nous appliquons des proc\u00e9dures et des mesures de s\u00e9curit\u00e9 strictes pour emp\u00eacher tout acc\u00e8s non autoris\u00e9.<\/p>\n<p><strong>10. INFORMATIONS COMPL\u00c9MENTAIRES, MODIFICATIONS ET MISES \u00c0 JOUR<\/strong><\/p>\n<p>La pr\u00e9sente Privacy Policy entre en vigueur le 15.03.2024. Ecometal se r\u00e9serve le droit de r\u00e9viser, de mettre \u00e0 jour, d&rsquo;ajouter ou de supprimer toute partie de la pr\u00e9sente privacy policy \u00e0 sa seule discr\u00e9tion et \u00e0 tout moment, y compris en raison de changements dans les obligations l\u00e9gales et r\u00e9glementaires en mati\u00e8re de protection des donn\u00e9es. En cas de modification, la date de mise \u00e0 jour sera indiqu\u00e9e.<\/p>\n<p><strong>15.03.2024<\/strong><\/p>\n<\/div><\/div><\/div><\/div><\/div>\n","protected":false},"excerpt":{"rendered":"","protected":false},"author":1,"featured_media":0,"parent":0,"menu_order":100,"comment_status":"closed","ping_status":"closed","template":"100-width.php","meta":{"footnotes":""},"class_list":["post-194","page","type-page","status-publish","hentry"],"yoast_head":"<!-- This site is optimized with the Yoast SEO plugin v27.6 - https:\/\/yoast.com\/product\/yoast-seo-wordpress\/ -->\n<title>Politique de confidentialit\u00e9 - Ecometal<\/title>\n<meta name=\"robots\" content=\"index, follow, max-snippet:-1, max-image-preview:large, max-video-preview:-1\" \/>\n<link rel=\"canonical\" href=\"https:\/\/www.ecometalsa.ch\/fr\/politique-de-confidentialite\/\" \/>\n<meta property=\"og:locale\" content=\"fr_FR\" \/>\n<meta property=\"og:type\" content=\"article\" \/>\n<meta property=\"og:title\" content=\"Politique de confidentialit\u00e9 - Ecometal\" \/>\n<meta property=\"og:url\" content=\"https:\/\/www.ecometalsa.ch\/fr\/politique-de-confidentialite\/\" \/>\n<meta property=\"og:site_name\" content=\"Ecometal\" \/>\n<meta property=\"article:modified_time\" content=\"2025-04-08T06:47:17+00:00\" \/>\n<meta name=\"twitter:card\" content=\"summary_large_image\" \/>\n<meta name=\"twitter:label1\" content=\"Dur\u00e9e de lecture estim\u00e9e\" \/>\n\t<meta name=\"twitter:data1\" content=\"19 minutes\" \/>\n<script type=\"application\/ld+json\" class=\"yoast-schema-graph\">{\"@context\":\"https:\\\/\\\/schema.org\",\"@graph\":[{\"@type\":\"WebPage\",\"@id\":\"https:\\\/\\\/www.ecometalsa.ch\\\/fr\\\/politique-de-confidentialite\\\/\",\"url\":\"https:\\\/\\\/www.ecometalsa.ch\\\/fr\\\/politique-de-confidentialite\\\/\",\"name\":\"Politique de confidentialit\u00e9 - Ecometal\",\"isPartOf\":{\"@id\":\"https:\\\/\\\/www.ecometalsa.ch\\\/fr\\\/#website\"},\"datePublished\":\"2025-02-26T08:14:14+00:00\",\"dateModified\":\"2025-04-08T06:47:17+00:00\",\"breadcrumb\":{\"@id\":\"https:\\\/\\\/www.ecometalsa.ch\\\/fr\\\/politique-de-confidentialite\\\/#breadcrumb\"},\"inLanguage\":\"fr-FR\",\"potentialAction\":[{\"@type\":\"ReadAction\",\"target\":[\"https:\\\/\\\/www.ecometalsa.ch\\\/fr\\\/politique-de-confidentialite\\\/\"]}]},{\"@type\":\"BreadcrumbList\",\"@id\":\"https:\\\/\\\/www.ecometalsa.ch\\\/fr\\\/politique-de-confidentialite\\\/#breadcrumb\",\"itemListElement\":[{\"@type\":\"ListItem\",\"position\":1,\"name\":\"Home\",\"item\":\"https:\\\/\\\/www.ecometalsa.ch\\\/fr\\\/ecometal\\\/\"},{\"@type\":\"ListItem\",\"position\":2,\"name\":\"Politique de confidentialit\u00e9\"}]},{\"@type\":\"WebSite\",\"@id\":\"https:\\\/\\\/www.ecometalsa.ch\\\/fr\\\/#website\",\"url\":\"https:\\\/\\\/www.ecometalsa.ch\\\/fr\\\/\",\"name\":\"Ecometal SA\",\"description\":\"Un approccio innovativo alla tecnologia dei materiali\",\"publisher\":{\"@id\":\"https:\\\/\\\/www.ecometalsa.ch\\\/fr\\\/#organization\"},\"potentialAction\":[{\"@type\":\"SearchAction\",\"target\":{\"@type\":\"EntryPoint\",\"urlTemplate\":\"https:\\\/\\\/www.ecometalsa.ch\\\/fr\\\/?s={search_term_string}\"},\"query-input\":{\"@type\":\"PropertyValueSpecification\",\"valueRequired\":true,\"valueName\":\"search_term_string\"}}],\"inLanguage\":\"fr-FR\"},{\"@type\":\"Organization\",\"@id\":\"https:\\\/\\\/www.ecometalsa.ch\\\/fr\\\/#organization\",\"name\":\"Ecometal SA\",\"url\":\"https:\\\/\\\/www.ecometalsa.ch\\\/fr\\\/\",\"logo\":{\"@type\":\"ImageObject\",\"inLanguage\":\"fr-FR\",\"@id\":\"https:\\\/\\\/www.ecometalsa.ch\\\/fr\\\/#\\\/schema\\\/logo\\\/image\\\/\",\"url\":\"https:\\\/\\\/www.ecometalsa.ch\\\/wp-content\\\/uploads\\\/2025\\\/02\\\/logo@3x.png\",\"contentUrl\":\"https:\\\/\\\/www.ecometalsa.ch\\\/wp-content\\\/uploads\\\/2025\\\/02\\\/logo@3x.png\",\"width\":3604,\"height\":682,\"caption\":\"Ecometal SA\"},\"image\":{\"@id\":\"https:\\\/\\\/www.ecometalsa.ch\\\/fr\\\/#\\\/schema\\\/logo\\\/image\\\/\"}}]}<\/script>\n<!-- \/ Yoast SEO plugin. -->","yoast_head_json":{"title":"Politique de confidentialit\u00e9 - Ecometal","robots":{"index":"index","follow":"follow","max-snippet":"max-snippet:-1","max-image-preview":"max-image-preview:large","max-video-preview":"max-video-preview:-1"},"canonical":"https:\/\/www.ecometalsa.ch\/fr\/politique-de-confidentialite\/","og_locale":"fr_FR","og_type":"article","og_title":"Politique de confidentialit\u00e9 - Ecometal","og_url":"https:\/\/www.ecometalsa.ch\/fr\/politique-de-confidentialite\/","og_site_name":"Ecometal","article_modified_time":"2025-04-08T06:47:17+00:00","twitter_card":"summary_large_image","twitter_misc":{"Dur\u00e9e de lecture estim\u00e9e":"19 minutes"},"schema":{"@context":"https:\/\/schema.org","@graph":[{"@type":"WebPage","@id":"https:\/\/www.ecometalsa.ch\/fr\/politique-de-confidentialite\/","url":"https:\/\/www.ecometalsa.ch\/fr\/politique-de-confidentialite\/","name":"Politique de confidentialit\u00e9 - Ecometal","isPartOf":{"@id":"https:\/\/www.ecometalsa.ch\/fr\/#website"},"datePublished":"2025-02-26T08:14:14+00:00","dateModified":"2025-04-08T06:47:17+00:00","breadcrumb":{"@id":"https:\/\/www.ecometalsa.ch\/fr\/politique-de-confidentialite\/#breadcrumb"},"inLanguage":"fr-FR","potentialAction":[{"@type":"ReadAction","target":["https:\/\/www.ecometalsa.ch\/fr\/politique-de-confidentialite\/"]}]},{"@type":"BreadcrumbList","@id":"https:\/\/www.ecometalsa.ch\/fr\/politique-de-confidentialite\/#breadcrumb","itemListElement":[{"@type":"ListItem","position":1,"name":"Home","item":"https:\/\/www.ecometalsa.ch\/fr\/ecometal\/"},{"@type":"ListItem","position":2,"name":"Politique de confidentialit\u00e9"}]},{"@type":"WebSite","@id":"https:\/\/www.ecometalsa.ch\/fr\/#website","url":"https:\/\/www.ecometalsa.ch\/fr\/","name":"Ecometal SA","description":"Un approccio innovativo alla tecnologia dei materiali","publisher":{"@id":"https:\/\/www.ecometalsa.ch\/fr\/#organization"},"potentialAction":[{"@type":"SearchAction","target":{"@type":"EntryPoint","urlTemplate":"https:\/\/www.ecometalsa.ch\/fr\/?s={search_term_string}"},"query-input":{"@type":"PropertyValueSpecification","valueRequired":true,"valueName":"search_term_string"}}],"inLanguage":"fr-FR"},{"@type":"Organization","@id":"https:\/\/www.ecometalsa.ch\/fr\/#organization","name":"Ecometal SA","url":"https:\/\/www.ecometalsa.ch\/fr\/","logo":{"@type":"ImageObject","inLanguage":"fr-FR","@id":"https:\/\/www.ecometalsa.ch\/fr\/#\/schema\/logo\/image\/","url":"https:\/\/www.ecometalsa.ch\/wp-content\/uploads\/2025\/02\/logo@3x.png","contentUrl":"https:\/\/www.ecometalsa.ch\/wp-content\/uploads\/2025\/02\/logo@3x.png","width":3604,"height":682,"caption":"Ecometal SA"},"image":{"@id":"https:\/\/www.ecometalsa.ch\/fr\/#\/schema\/logo\/image\/"}}]}},"_links":{"self":[{"href":"https:\/\/www.ecometalsa.ch\/fr\/wp-json\/wp\/v2\/pages\/194","targetHints":{"allow":["GET"]}}],"collection":[{"href":"https:\/\/www.ecometalsa.ch\/fr\/wp-json\/wp\/v2\/pages"}],"about":[{"href":"https:\/\/www.ecometalsa.ch\/fr\/wp-json\/wp\/v2\/types\/page"}],"author":[{"embeddable":true,"href":"https:\/\/www.ecometalsa.ch\/fr\/wp-json\/wp\/v2\/users\/1"}],"replies":[{"embeddable":true,"href":"https:\/\/www.ecometalsa.ch\/fr\/wp-json\/wp\/v2\/comments?post=194"}],"version-history":[{"count":0,"href":"https:\/\/www.ecometalsa.ch\/fr\/wp-json\/wp\/v2\/pages\/194\/revisions"}],"wp:attachment":[{"href":"https:\/\/www.ecometalsa.ch\/fr\/wp-json\/wp\/v2\/media?parent=194"}],"curies":[{"name":"wp","href":"https:\/\/api.w.org\/{rel}","templated":true}]}}